{"id":956,"date":"2025-05-19T18:53:59","date_gmt":"2025-05-19T16:53:59","guid":{"rendered":"https:\/\/www.israelreport.org\/index.php\/gi-en-gave\/"},"modified":"2025-05-23T15:30:56","modified_gmt":"2025-05-23T13:30:56","slug":"gi-en-gave","status":"publish","type":"page","link":"https:\/\/www.israelreport.org\/no\/gi-en-gave\/","title":{"rendered":"Gi en gave"},"content":{"rendered":"\t\t<div data-elementor-type=\"wp-page\" data-elementor-id=\"956\" class=\"elementor elementor-956 elementor-646\" data-elementor-post-type=\"page\">\n\t\t\t\t<div class=\"elementor-element elementor-element-2440d839 e-flex e-con-boxed e-con e-parent\" data-id=\"2440d839\" data-element_type=\"container\" data-e-type=\"container\" data-settings=\"{&quot;background_background&quot;:&quot;classic&quot;}\">\n\t\t\t\t\t<div class=\"e-con-inner\">\n\t\t<div class=\"elementor-element elementor-element-33acb28e e-con-full e-flex e-con e-child\" data-id=\"33acb28e\" data-element_type=\"container\" data-e-type=\"container\">\n\t\t\t\t<div class=\"elementor-element elementor-element-53f7f04a elementor-widget elementor-widget-heading\" data-id=\"53f7f04a\" data-element_type=\"widget\" data-e-type=\"widget\" data-widget_type=\"heading.default\">\n\t\t\t\t<div class=\"elementor-widget-container\">\n\t\t\t\t\t<h1 class=\"elementor-heading-title elementor-size-default\">Gi en gave<\/h1>\t\t\t\t<\/div>\n\t\t\t\t<\/div>\n\t\t\t\t<\/div>\n\t\t\t\t\t<\/div>\n\t\t\t\t<\/div>\n\t\t<div class=\"elementor-element elementor-element-f22fb90 e-flex e-con-boxed e-con e-parent\" data-id=\"f22fb90\" data-element_type=\"container\" data-e-type=\"container\">\n\t\t\t\t\t<div class=\"e-con-inner\">\n\t\t\t\t<div class=\"elementor-element elementor-element-4d705fe elementor-widget elementor-widget-heading\" data-id=\"4d705fe\" data-element_type=\"widget\" data-e-type=\"widget\" data-widget_type=\"heading.default\">\n\t\t\t\t<div class=\"elementor-widget-container\">\n\t\t\t\t\t<h2 class=\"elementor-heading-title elementor-size-default\">St\u00f8tt Livets Ords arbeid i Israel!<\/h2>\t\t\t\t<\/div>\n\t\t\t\t<\/div>\n\t\t\t\t<div class=\"elementor-element elementor-element-549dbc9 elementor-widget__width-initial elementor-widget elementor-widget-text-editor\" data-id=\"549dbc9\" data-element_type=\"widget\" data-e-type=\"widget\" data-widget_type=\"text-editor.default\">\n\t\t\t\t<div class=\"elementor-widget-container\">\n\t\t\t\t\t\t\t\t\t<p><b>Israel Report har som oppgave<\/b> \u00e5 gi et nyansert og helhetlig bilde av landet Israel, Midt\u00f8stens eneste demokrati, samt \u00e5 beskrive det j\u00f8diske folkets mange tusen \u00e5r lange historie og dets sterke tilknytning til landet. Oppdraget er ogs\u00e5 \u00e5 gi en forst\u00e5else av kristendommens j\u00f8diske r\u00f8tter, \u00e5 bekjempe j\u00f8dehat og fordommer mot Israel og det j\u00f8diske folk, og \u00e5 fremstille j\u00f8dene som fremtidens folk med en misjon om \u00e5 v\u00e6re til velsignelse for hele verden. <\/p><p><b>Antisemittismen har den siste tiden<\/b> \u00f8kt dramatisk over hele verden. Islamister sl\u00e5r seg sammen med ekstremister p\u00e5 de politiske ytterkantene for \u00e5 spre fordommer mot j\u00f8der i opinionen. Samtidig samler Israels fiender i Midt\u00f8sten og deres allierte rundt om i verden seg i en milit\u00e6r og ideologisk kamp for \u00e5 utfordre staten Israel og det j\u00f8diske folkets plass i samfunnet.  <\/p><p><b>I l\u00f8pet av det siste \u00e5rhundret<\/b>, etter nesten 2000 \u00e5r i eksil, har det j\u00f8diske folket blitt gjenforent i sitt gamle hjemland i samsvar med l\u00f8ftene i Bibelen og bygget opp regionens eneste demokrati, med pressefrihet, ytringsfrihet, religionsfrihet og et uavhengig rettsvesen, inkludert de mer enn to millioner araberne som er fullverdige israelske statsborgere. Det j\u00f8diske folkets tilbakekomst til landet har ikke bare f\u00e5tt \u00f8rkenen til \u00e5 blomstre, men Israel har i dag en voksende \u00f8konomi, et ekspanderende n\u00e6ringsliv og er ogs\u00e5 hjemsted for vellykket, verdensledende forskning p\u00e5 en lang rekke omr\u00e5der. <\/p><p><b>Israel Report er en del av <\/b>Livets Ords Israel-arbeid, som ogs\u00e5 inkluderer Israel Podcast, samt foredrag, arrangementer og seminarer med Israel som tema. Vi arrangerer ogs\u00e5 turer til Israel for \u00e5 bringe kristne til Israel. <\/p><p><b>Israel-arbeidet finansieres gjennom frivillige gaver.<\/b> Med <b>din \u00f8konomiske<\/b> st\u00f8tte kan vi fortsette og til og med utvide det viktige arbeidet med \u00e5 st\u00f8tte Israel og det j\u00f8diske folk i den eksistensielle krisen som b\u00e5de landet og folket befinner seg i akkurat n\u00e5. <\/p><h4 class=\"fusion-responsive-typography-calculated\" data-fontsize=\"22\" data-lineheight=\"33px\"><strong>Takk for gaven!<\/strong><\/h4>\t\t\t\t\t\t\t\t<\/div>\n\t\t\t\t<\/div>\n\t\t\t\t\t<\/div>\n\t\t\t\t<\/div>\n\t\t<div class=\"elementor-element elementor-element-1a2ebf74 e-flex e-con-boxed e-con e-parent\" data-id=\"1a2ebf74\" data-element_type=\"container\" data-e-type=\"container\" data-settings=\"{&quot;background_background&quot;:&quot;classic&quot;}\">\n\t\t\t\t\t<div class=\"e-con-inner\">\n\t\t<div class=\"elementor-element elementor-element-47dd3cc e-con-full e-flex e-con e-child\" data-id=\"47dd3cc\" data-element_type=\"container\" data-e-type=\"container\">\n\t\t\t\t<div class=\"elementor-element elementor-element-25b396d7 animated-slow elementor-invisible elementor-widget elementor-widget-heading\" data-id=\"25b396d7\" data-element_type=\"widget\" data-e-type=\"widget\" data-settings=\"{&quot;_animation&quot;:&quot;slideInUp&quot;}\" data-widget_type=\"heading.default\">\n\t\t\t\t<div class=\"elementor-widget-container\">\n\t\t\t\t\t<h2 class=\"elementor-heading-title elementor-size-default\">Betalingsmuligheter\n<\/h2>\t\t\t\t<\/div>\n\t\t\t\t<\/div>\n\t\t\t\t<div class=\"elementor-element elementor-element-795c7fba elementor-widget elementor-widget-text-editor\" data-id=\"795c7fba\" data-element_type=\"widget\" data-e-type=\"widget\" data-widget_type=\"text-editor.default\">\n\t\t\t\t<div class=\"elementor-widget-container\">\n\t\t\t\t\t\t\t\t\t<p class=\"fusion-responsive-typography-calculated\" data-fontsize=\"22\" data-lineheight=\"33px\"><b>Merk betalingen \u00abIsrael\u00bb<\/b><\/p><p><b>Sverige:<\/b><br>Plusgiro 900166-0<br>Bankgiro 900-1660<br>Swish: 9001660<\/p><p><b>Norge:<br><\/b>DNB 7874.07.00951<br>Vipps 542 714<\/p><p><b>Finland:<br><\/b>Danske Bank Fl11 8000 1770 8381 92<\/p><p><b>Tyskland:<br><\/b>Sparkasse Neu-Ulm DE10 7305 0000 0430 0354 77<\/p>\t\t\t\t\t\t\t\t<\/div>\n\t\t\t\t<\/div>\n\t\t\t\t<div class=\"elementor-element elementor-element-53bb09bc elementor-align-left elementor-widget elementor-widget-button\" data-id=\"53bb09bc\" data-element_type=\"widget\" data-e-type=\"widget\" data-widget_type=\"button.default\">\n\t\t\t\t<div class=\"elementor-widget-container\">\n\t\t\t\t\t\t\t\t\t<div class=\"elementor-button-wrapper\">\n\t\t\t\t\t<a class=\"elementor-button elementor-button-link elementor-size-lg\" href=\"https:\/\/www.livetsord.se\/ge-en-gava\/\" target=\"_blank\">\n\t\t\t\t\t\t<span class=\"elementor-button-content-wrapper\">\n\t\t\t\t\t\t\t\t\t<span class=\"elementor-button-text\">Gi med kort<\/span>\n\t\t\t\t\t<\/span>\n\t\t\t\t\t<\/a>\n\t\t\t\t<\/div>\n\t\t\t\t\t\t\t\t<\/div>\n\t\t\t\t<\/div>\n\t\t\t\t<\/div>\n\t\t\t\t<div class=\"elementor-element elementor-element-7250b338 elementor-widget elementor-widget-image\" data-id=\"7250b338\" data-element_type=\"widget\" data-e-type=\"widget\" data-widget_type=\"image.default\">\n\t\t\t\t<div class=\"elementor-widget-container\">\n\t\t\t\t\t\t\t\t\t\t\t\t\t\t\t<img fetchpriority=\"high\" decoding=\"async\" width=\"800\" height=\"800\" src=\"https:\/\/www.israelreport.org\/wp-content\/uploads\/2025\/05\/ir-swish-QR-jpg.webp\" class=\"attachment-large size-large wp-image-919\" alt=\"\" srcset=\"https:\/\/www.israelreport.org\/wp-content\/uploads\/2025\/05\/ir-swish-QR-jpg.webp 800w, https:\/\/www.israelreport.org\/wp-content\/uploads\/2025\/05\/ir-swish-QR-jpg-300x300.webp 300w, https:\/\/www.israelreport.org\/wp-content\/uploads\/2025\/05\/ir-swish-QR-jpg-150x150.webp 150w, https:\/\/www.israelreport.org\/wp-content\/uploads\/2025\/05\/ir-swish-QR-jpg-768x768.webp 768w\" sizes=\"(max-width: 800px) 100vw, 800px\" \/>\t\t\t\t\t\t\t\t\t\t\t\t\t\t\t<\/div>\n\t\t\t\t<\/div>\n\t\t\t\t\t<\/div>\n\t\t\t\t<\/div>\n\t\t\t\t<\/div>\n\t\t","protected":false},"excerpt":{"rendered":"<p>Gi en gave St\u00f8tt Livets Ords arbeid i Israel! Israel Report har som oppgave \u00e5 gi et nyansert og helhetlig bilde av landet Israel, Midt\u00f8stens eneste demokrati, samt \u00e5 beskrive det j\u00f8diske folkets mange tusen \u00e5r lange historie og dets sterke tilknytning til landet. Oppdraget er ogs\u00e5 \u00e5 gi en forst\u00e5else av kristendommens j\u00f8diske r\u00f8tter, [&hellip;]<\/p>\n","protected":false},"author":2,"featured_media":0,"parent":0,"menu_order":0,"comment_status":"closed","ping_status":"closed","template":"","meta":{"_acf_changed":false,"footnotes":""},"class_list":["post-956","page","type-page","status-publish","hentry"],"acf":[],"_links":{"self":[{"href":"https:\/\/www.israelreport.org\/no\/wp-json\/wp\/v2\/pages\/956","targetHints":{"allow":["GET"]}}],"collection":[{"href":"https:\/\/www.israelreport.org\/no\/wp-json\/wp\/v2\/pages"}],"about":[{"href":"https:\/\/www.israelreport.org\/no\/wp-json\/wp\/v2\/types\/page"}],"author":[{"embeddable":true,"href":"https:\/\/www.israelreport.org\/no\/wp-json\/wp\/v2\/users\/2"}],"replies":[{"embeddable":true,"href":"https:\/\/www.israelreport.org\/no\/wp-json\/wp\/v2\/comments?post=956"}],"version-history":[{"count":1,"href":"https:\/\/www.israelreport.org\/no\/wp-json\/wp\/v2\/pages\/956\/revisions"}],"predecessor-version":[{"id":958,"href":"https:\/\/www.israelreport.org\/no\/wp-json\/wp\/v2\/pages\/956\/revisions\/958"}],"wp:attachment":[{"href":"https:\/\/www.israelreport.org\/no\/wp-json\/wp\/v2\/media?parent=956"}],"curies":[{"name":"wp","href":"https:\/\/api.w.org\/{rel}","templated":true}]}}